{"id":1839,"date":"2024-04-05T21:15:39","date_gmt":"2024-04-05T21:15:39","guid":{"rendered":"http:\/\/localhost\/dzemat-koeln\/?page_id=1839"},"modified":"2025-04-28T08:51:16","modified_gmt":"2025-04-28T08:51:16","slug":"impressum","status":"publish","type":"page","link":"https:\/\/dzemat.de\/de\/impressum\/","title":{"rendered":"Impressum"},"content":{"rendered":"<div data-elementor-type=\"wp-page\" data-elementor-id=\"1839\" class=\"elementor elementor-1839\">\n\t\t\t\t<div class=\"elementor-element elementor-element-bbde21b e-flex e-con-boxed e-con e-parent\" data-id=\"bbde21b\" data-element_type=\"container\" data-settings=\"{&quot;background_background&quot;:&quot;gradient&quot;}\">\n\t\t\t\t\t<div class=\"e-con-inner\">\n\t\t<div class=\"elementor-element elementor-element-a7e94bc e-con-full e-flex e-con e-child\" data-id=\"a7e94bc\" data-element_type=\"container\">\n\t\t\t\t<div class=\"elementor-element elementor-element-f355c9d elementor-widget elementor-widget-heading\" data-id=\"f355c9d\" data-element_type=\"widget\" data-widget_type=\"heading.default\">\n\t\t\t\t<div class=\"elementor-widget-container\">\n\t\t\t\t\t<h2 class=\"elementor-heading-title elementor-size-default\">Impressum<\/h2>\t\t\t\t<\/div>\n\t\t\t\t<\/div>\n\t\t\t\t<\/div>\n\t\t\t\t\t<\/div>\n\t\t\t\t<\/div>\n\t\t<div class=\"elementor-element elementor-element-2302d13 e-flex e-con-boxed e-con e-parent\" data-id=\"2302d13\" data-element_type=\"container\">\n\t\t\t\t\t<div class=\"e-con-inner\">\n\t\t\t\t<div class=\"elementor-element elementor-element-4243051 elementor-widget elementor-widget-text-editor\" data-id=\"4243051\" data-element_type=\"widget\" data-widget_type=\"text-editor.default\">\n\t\t\t\t<div class=\"elementor-widget-container\">\n\t\t\t\t\t\t\t\t\t<p>Impressum<br \/>Angaben gem\u00e4\u00df \u00a7 5 TMG:<\/p><p><b>IGBD &#8211; Gemeinde K\u00f6ln Gazi Husrevbeg e.V.<\/b><\/p><p><b>Vogelsanger Str. 210<br \/>K\u00f6ln 50825<\/b><\/p><p><b>Registergericht: Amtsgericht K\u00f6ln\u00a0<\/b><\/p><p><b style=\"background-color: transparent;\">Vereinsregisternummer: 10678<\/b><\/p><p><b>\u00a0<\/b><\/p><p>\u00a0<\/p><p><b>Vertreten durch:<br \/><\/b><span style=\"font-weight: bold;\">IGBD &#8211; Gemeinde K\u00f6ln Gazi Husrevbeg e.V.<\/span><\/p><p><b>Kontakt:<br \/>E-mail: info@dzemat.de<br \/>Telefon: 0221 5461807<\/b><\/p><p><b>Streitschlichtung<\/b><br \/>Die Europ\u00e4ische Kommission stellt eine Plattform zur Online-Streitbeilegung (OS) bereit: https:\/\/ec.europa.eu\/consumers\/odr. Unsere E-Mail-Adresse finden Sie oben im Impressum.<\/p><p>Wir sind nicht bereit oder verpflichtet, an Streitbeilegungsverfahren vor einer Verbraucherschlichtungsstelle teilzunehmen.<\/p><p><b>Haftungsausschluss:<\/b><br \/>Als Diensteanbieter sind wir gem\u00e4\u00df \u00a7 7 Abs.1 TMG f\u00fcr eigene Inhalte auf diesen Seiten nach den allgemeinen Gesetzen verantwortlich. Nach \u00a7\u00a7 8 bis 10 TMG sind wir als Diensteanbieter jedoch nicht verpflichtet, \u00fcbermittelte oder gespeicherte fremde Informationen zu \u00fcberwachen oder nach Umst\u00e4nden zu forschen, die auf eine rechtswidrige T\u00e4tigkeit hinweisen. Jegliche Haftung f\u00fcr den Inhalt externer Links wird von uns ausdr\u00fccklich ausgeschlossen. F\u00fcr den Inhalt der verlinkten Seiten sind ausschlie\u00dflich deren Betreiber verantwortlich.<\/p><p>Wir \u00fcbernehmen keinerlei Gew\u00e4hr f\u00fcr die Aktualit\u00e4t, Korrektheit, Vollst\u00e4ndigkeit oder Qualit\u00e4t der bereitgestellten Informationen. Jegliche Haftungsanspr\u00fcche, welche sich auf Sch\u00e4den materieller oder ideeller Art beziehen und durch die Nutzung oder Nichtnutzung der dargebotenen Informationen verursacht wurden, sind ausgeschlossen, sofern von unserer Seite kein nachweislich vors\u00e4tzliches oder grob fahrl\u00e4ssiges Verschulden vorliegt.<\/p><p>Alle Angebote sind freibleibend und unverbindlich. Wir behalten uns das Recht vor, Teile der Seiten oder das gesamte Angebot ohne gesonderte Ank\u00fcndigung zu ver\u00e4ndern, zu erg\u00e4nzen, zu l\u00f6schen oder die Ver\u00f6ffentlichung zeitweise oder endg\u00fcltig einzustellen.<\/p><p><b>Urheberrechtshinweis:<\/b><br \/>Der Inhalt und die Gestaltung dieser Website sind urheberrechtlich gesch\u00fctzt. Eine weitere Verwendung ist nur nach Einwilligung durch den jeweiligen Inhaber des Urheberrechts an betreffenden Texten, Grafiken oder sonstigen Bestandteilen m\u00f6glich.<\/p><p>Die durch die Seitenbetreiber erstellten Inhalte und Werke auf diesen Seiten, insbesondere Fotografien und Texte, unterliegen dem deutschen Urheberrecht. Beitr\u00e4ge Dritter sind als solche gekennzeichnet. Die Vervielf\u00e4ltigung, Bearbeitung, Verbreitung und jede Art der Verwertung au\u00dferhalb der Grenzen des Urheberrechtes bed\u00fcrfen der schriftlichen Zustimmung des jeweiligen Autors bzw. Erstellers. Downloads und Kopien dieser Seite sind nur f\u00fcr den privaten, nicht kommerziellen Gebrauch gestattet.<\/p><p>Wir sind bem\u00fcht, stets die Urheberrechte anderer zu beachten bzw. auf selbst erstellte sowie lizenzfreie Werke zur\u00fcckzugreifen.<\/p><p>Der Autor ist bestrebt, in allen Publikationen die Urheberrechte der verwendeten Bilder, Grafiken, Tondokumente, Videosequenzen und Texte zu beachten, von ihm selbst erstellte Bilder, Grafiken, Tondokumente, Videosequenzen und Texte zu nutzen oder auf lizenzfreie Grafiken, Tondokumente, Videosequenzen und Texte zur\u00fcckzugreifen.<\/p><p>Das Copyright f\u00fcr ver\u00f6ffentlichte, vom Autor selbst erstellte Objekte bleibt allein beim Autor der Seiten. Eine Vervielf\u00e4ltigung oder Verwendung solcher Grafiken, Tondokumente, Videosequenzen und Texte in anderen elektronischen oder gedruckten Publikationen ist ohne ausdr\u00fcckliche Zustimmung des Autors nicht gestattet.<\/p><p>Urheberrechtshinweis: \u00a9IGBD &#8211; Gemeinde K\u00f6ln Gazi Husrevbeg e. V.<\/p><p><b>Datenschutz und Urheberrecht<\/b><br \/>Wir respektieren Ihre Privatsph\u00e4re und sch\u00fctzen Ihre pers\u00f6nlichen Daten. Jegliche Eingabe pers\u00f6nlicher oder gesch\u00e4ftlicher Informationen erfolgt auf freiwilliger Basis. Die Nutzung unserer Dienste ist auch ohne Angabe solcher Daten oder unter Verwendung anonymisierter Daten m\u00f6glich. Die Nutzung der Kontaktdaten zur unerw\u00fcnschten Zusendung von Informationen (Spam) ist untersagt und rechtliche Schritte behalten wir uns vor.<\/p><p>Unsere Inhalte und Werke unterliegen dem deutschen Urheberrecht. Eine Nutzung, Verbreitung oder Verwertung au\u00dferhalb der gesetzlichen Grenzen bedarf der schriftlichen Zustimmung des Autors. Wir achten stets die Urheberrechte anderer und nutzen selbst erstellte sowie lizenzfreie Werke.<\/p><p>Wir nehmen nicht an Streitbeilegungsverfahren vor Verbraucherschlichtungsstellen teil.<\/p>\t\t\t\t\t\t\t\t<\/div>\n\t\t\t\t<\/div>\n\t\t\t\t\t<\/div>\n\t\t\t\t<\/div>\n\t\t\t\t<\/div>","protected":false},"excerpt":{"rendered":"<p>Impressum ImpressumAngaben gem\u00e4\u00df \u00a7 5 TMG: IGBD &#8211; Gemeinde K\u00f6ln Gazi Husrevbeg e.V. Vogelsanger Str. 210K\u00f6ln 50825 Registergericht: Amtsgericht K\u00f6ln\u00a0 Vereinsregisternummer: 10678 \u00a0 \u00a0 Vertreten durch:IGBD &#8211; Gemeinde K\u00f6ln Gazi Husrevbeg e.V. Kontakt:E-mail: info@dzemat.deTelefon: 0221 5461807 StreitschlichtungDie Europ\u00e4ische Kommission stellt eine Plattform zur Online-Streitbeilegung (OS) bereit: https:\/\/ec.europa.eu\/consumers\/odr. Unsere E-Mail-Adresse finden Sie oben im Impressum. Wir&#8230;<\/p>","protected":false},"author":1,"featured_media":0,"parent":0,"menu_order":0,"comment_status":"closed","ping_status":"closed","template":"","meta":{"_kad_post_transparent":"","_kad_post_title":"hide","_kad_post_layout":"fullwidth","_kad_post_sidebar_id":"","_kad_post_content_style":"unboxed","_kad_post_vertical_padding":"hide","_kad_post_feature":"hide","_kad_post_feature_position":"","_kad_post_header":false,"_kad_post_footer":false,"footnotes":""},"class_list":["post-1839","page","type-page","status-publish","hentry"],"_links":{"self":[{"href":"https:\/\/dzemat.de\/de\/wp-json\/wp\/v2\/pages\/1839","targetHints":{"allow":["GET"]}}],"collection":[{"href":"https:\/\/dzemat.de\/de\/wp-json\/wp\/v2\/pages"}],"about":[{"href":"https:\/\/dzemat.de\/de\/wp-json\/wp\/v2\/types\/page"}],"author":[{"embeddable":true,"href":"https:\/\/dzemat.de\/de\/wp-json\/wp\/v2\/users\/1"}],"replies":[{"embeddable":true,"href":"https:\/\/dzemat.de\/de\/wp-json\/wp\/v2\/comments?post=1839"}],"version-history":[{"count":22,"href":"https:\/\/dzemat.de\/de\/wp-json\/wp\/v2\/pages\/1839\/revisions"}],"predecessor-version":[{"id":3536,"href":"https:\/\/dzemat.de\/de\/wp-json\/wp\/v2\/pages\/1839\/revisions\/3536"}],"wp:attachment":[{"href":"https:\/\/dzemat.de\/de\/wp-json\/wp\/v2\/media?parent=1839"}],"curies":[{"name":"wp","href":"https:\/\/api.w.org\/{rel}","templated":true}]}}