{"id":1493,"date":"2024-03-08T21:40:10","date_gmt":"2024-03-08T21:40:10","guid":{"rendered":"http:\/\/localhost\/dzemat-koeln\/?page_id=1493"},"modified":"2024-06-02T12:53:55","modified_gmt":"2024-06-02T12:53:55","slug":"o-dzematu-2","status":"publish","type":"page","link":"https:\/\/dzemat.de\/de\/o-dzematu-2\/","title":{"rendered":"\u00dcber die Gemeinde"},"content":{"rendered":"<div data-elementor-type=\"wp-page\" data-elementor-id=\"1493\" class=\"elementor elementor-1493\">\n\t\t\t\t<div class=\"elementor-element elementor-element-7bb94fd elementor-hidden-tablet elementor-hidden-mobile e-flex e-con-boxed e-con e-parent\" data-id=\"7bb94fd\" data-element_type=\"container\" data-settings=\"{&quot;background_background&quot;:&quot;gradient&quot;}\">\n\t\t\t\t\t<div class=\"e-con-inner\">\n\t\t<div class=\"elementor-element elementor-element-9897dd1 e-con-full e-flex e-con e-child\" data-id=\"9897dd1\" data-element_type=\"container\">\n\t\t\t\t<div class=\"elementor-element elementor-element-13ae5be elementor-widget elementor-widget-heading\" data-id=\"13ae5be\" data-element_type=\"widget\" data-widget_type=\"heading.default\">\n\t\t\t\t<div class=\"elementor-widget-container\">\n\t\t\t\t\t<h2 class=\"elementor-heading-title elementor-size-default\">\u00dcber die Gemeinde<\/h2>\t\t\t\t<\/div>\n\t\t\t\t<\/div>\n\t\t\t\t<\/div>\n\t\t<div class=\"elementor-element elementor-element-99d7c82 e-con-full e-flex e-con e-child\" data-id=\"99d7c82\" data-element_type=\"container\">\n\t\t\t\t<div class=\"elementor-element elementor-element-40156b9 elementor-widget elementor-widget-image\" data-id=\"40156b9\" data-element_type=\"widget\" data-widget_type=\"image.default\">\n\t\t\t\t<div class=\"elementor-widget-container\">\n\t\t\t\t\t\t\t\t\t\t\t\t\t\t\t<img fetchpriority=\"high\" decoding=\"async\" width=\"300\" height=\"300\" src=\"https:\/\/dzemat.de\/wp-content\/uploads\/2024\/02\/Untitled-design-2024-02-18T160203.113.png\" class=\"attachment-medium size-medium wp-image-1176\" alt=\"\" \/>\t\t\t\t\t\t\t\t\t\t\t\t\t\t\t<\/div>\n\t\t\t\t<\/div>\n\t\t\t\t<\/div>\n\t\t\t\t\t<\/div>\n\t\t\t\t<\/div>\n\t\t<div class=\"elementor-element elementor-element-bdb8a91 elementor-hidden-desktop elementor-hidden-laptop e-flex e-con-boxed e-con e-parent\" data-id=\"bdb8a91\" data-element_type=\"container\" data-settings=\"{&quot;background_background&quot;:&quot;classic&quot;}\">\n\t\t\t\t\t<div class=\"e-con-inner\">\n\t\t<div class=\"elementor-element elementor-element-e1e831c e-con-full e-flex e-con e-child\" data-id=\"e1e831c\" data-element_type=\"container\">\n\t\t\t\t<div class=\"elementor-element elementor-element-a087c9f elementor-widget-mobile__width-inherit elementor-widget elementor-widget-heading\" data-id=\"a087c9f\" data-element_type=\"widget\" data-widget_type=\"heading.default\">\n\t\t\t\t<div class=\"elementor-widget-container\">\n\t\t\t\t\t<h2 class=\"elementor-heading-title elementor-size-default\">\u00dcber die Gemeinde<\/h2>\t\t\t\t<\/div>\n\t\t\t\t<\/div>\n\t\t\t\t<\/div>\n\t\t\t\t\t<\/div>\n\t\t\t\t<\/div>\n\t\t<div class=\"elementor-element elementor-element-cc98442 e-flex e-con-boxed e-con e-parent\" data-id=\"cc98442\" data-element_type=\"container\">\n\t\t\t\t\t<div class=\"e-con-inner\">\n\t\t<div class=\"elementor-element elementor-element-883fd20 e-flex e-con-boxed e-con e-child\" data-id=\"883fd20\" data-element_type=\"container\">\n\t\t\t\t\t<div class=\"e-con-inner\">\n\t\t\t\t<div class=\"elementor-element elementor-element-b222fef elementor-widget elementor-widget-heading\" data-id=\"b222fef\" data-element_type=\"widget\" data-widget_type=\"heading.default\">\n\t\t\t\t<div class=\"elementor-widget-container\">\n\t\t\t\t\t<h2 class=\"elementor-heading-title elementor-size-default\">Die Geschichte der Gr\u00fcndung und Entwicklung des BKC 'Gazi Husrevbeg' in K\u00f6ln<\/h2>\t\t\t\t<\/div>\n\t\t\t\t<\/div>\n\t\t\t\t<div class=\"elementor-element elementor-element-8dc3416 elementor-widget elementor-widget-text-editor\" data-id=\"8dc3416\" data-element_type=\"widget\" data-widget_type=\"text-editor.default\">\n\t\t\t\t<div class=\"elementor-widget-container\">\n\t\t\t\t\t\t\t\t\t<p>Im Jahr 1978 gr\u00fcndeten bosnische Muslime aus K\u00f6ln und Aachen erstmals eine muslimische Gemeinschaft. Der Standort war die Bilal-Moschee in Aachen, die zu dieser Zeit den damaligen \"jugoslawischen Gastarbeitern\" zur Verf\u00fcgung stand. Im Laufe der Zeit schlossen sich immer mehr Mitglieder aus K\u00f6ln der Gemeinschaft an. Der Bedarf an eigenen R\u00e4umlichkeiten in K\u00f6ln wurde daher immer gr\u00f6\u00dfer, und die Entfernung nach Aachen war signifikant.<\/p><p><b>Schlie\u00dflich wurde im Jahr 1984 beschlossen, dass die Gemeinschaft nach K\u00f6ln umziehen sollte.<\/b> Es wurden kleine R\u00e4umlichkeiten angemietet, und das Leben der Gemeinschaft begann als eigenst\u00e4ndige Gemeinschaft des BKC \"Gazi Husrevbeg\".<\/p><p><b>Im Jahr 1997 wurde die Entscheidung getroffen, Immobilien in der Vogelsangerstr. 210 in Ehrenfeld zu kaufen.<\/b> Die Gemeinschaft wurde als gemeinn\u00fctziger Verein anerkannt und finanziert sich ausschlie\u00dflich durch Mitgliedsbeitr\u00e4ge, Mietvertr\u00e4ge f\u00fcr R\u00e4umlichkeiten und Spenden.<\/p>\t\t\t\t\t\t\t\t<\/div>\n\t\t\t\t<\/div>\n\t\t\t\t\t<\/div>\n\t\t\t\t<\/div>\n\t\t\t\t\t<\/div>\n\t\t\t\t<\/div>\n\t\t<div class=\"elementor-element elementor-element-4c37e89 e-flex e-con-boxed e-con e-parent\" data-id=\"4c37e89\" data-element_type=\"container\">\n\t\t\t\t\t<div class=\"e-con-inner\">\n\t\t\t\t<div class=\"elementor-element elementor-element-667f29a elementor-arrows-position-inside elementor-pagination-position-outside elementor-widget elementor-widget-image-carousel\" data-id=\"667f29a\" data-element_type=\"widget\" data-settings=\"{&quot;navigation&quot;:&quot;both&quot;,&quot;autoplay&quot;:&quot;yes&quot;,&quot;pause_on_hover&quot;:&quot;yes&quot;,&quot;pause_on_interaction&quot;:&quot;yes&quot;,&quot;autoplay_speed&quot;:5000,&quot;infinite&quot;:&quot;yes&quot;,&quot;speed&quot;:500,&quot;image_spacing_custom&quot;:{&quot;unit&quot;:&quot;px&quot;,&quot;size&quot;:20,&quot;sizes&quot;:[]},&quot;image_spacing_custom_laptop&quot;:{&quot;unit&quot;:&quot;px&quot;,&quot;size&quot;:&quot;&quot;,&quot;sizes&quot;:[]},&quot;image_spacing_custom_tablet&quot;:{&quot;unit&quot;:&quot;px&quot;,&quot;size&quot;:&quot;&quot;,&quot;sizes&quot;:[]},&quot;image_spacing_custom_mobile&quot;:{&quot;unit&quot;:&quot;px&quot;,&quot;size&quot;:&quot;&quot;,&quot;sizes&quot;:[]}}\" data-widget_type=\"image-carousel.default\">\n\t\t\t\t<div class=\"elementor-widget-container\">\n\t\t\t\t\t\t\t<div class=\"elementor-image-carousel-wrapper swiper\" role=\"region\" aria-roledescription=\"carousel\" aria-label=\"Bild Karussell\" dir=\"ltr\">\n\t\t\t<div class=\"elementor-image-carousel swiper-wrapper\" aria-live=\"off\">\n\t\t\t\t\t\t\t\t<div class=\"swiper-slide\" role=\"group\" aria-roledescription=\"slide\" aria-label=\"1 von 6\"><figure class=\"swiper-slide-inner\"><img decoding=\"async\" class=\"swiper-slide-image\" src=\"https:\/\/dzemat.de\/wp-content\/uploads\/2024\/03\/376192_265836703465242_1221588250_n.jpg\" alt=\"dzemat dzamija\" \/><\/figure><\/div><div class=\"swiper-slide\" role=\"group\" aria-roledescription=\"slide\" aria-label=\"2 von 6\"><figure class=\"swiper-slide-inner\"><img decoding=\"async\" class=\"swiper-slide-image\" src=\"https:\/\/dzemat.de\/wp-content\/uploads\/2024\/03\/377969_264616303587282_1454848643_n.jpg\" alt=\"dzemat dzamija\" \/><\/figure><\/div><div class=\"swiper-slide\" role=\"group\" aria-roledescription=\"slide\" aria-label=\"3 von 6\"><figure class=\"swiper-slide-inner\"><img decoding=\"async\" class=\"swiper-slide-image\" src=\"https:\/\/dzemat.de\/wp-content\/uploads\/2024\/02\/viber_image_2024-02-06_22-32-02-426.jpg\" alt=\"dzemat-predavanje2\" \/><\/figure><\/div><div class=\"swiper-slide\" role=\"group\" aria-roledescription=\"slide\" aria-label=\"4 von 6\"><figure class=\"swiper-slide-inner\"><img decoding=\"async\" class=\"swiper-slide-image\" src=\"https:\/\/dzemat.de\/wp-content\/uploads\/2024\/02\/viber_image_2024-02-11_15-45-16-625.jpg\" alt=\"dzemat-Kuran\" \/><\/figure><\/div><div class=\"swiper-slide\" role=\"group\" aria-roledescription=\"slide\" aria-label=\"5 von 6\"><figure class=\"swiper-slide-inner\"><img decoding=\"async\" class=\"swiper-slide-image\" src=\"https:\/\/dzemat.de\/wp-content\/uploads\/2024\/02\/viber_image_2024-02-11_15-45-16-970.jpg\" alt=\"dzemat-makfile\" \/><\/figure><\/div><div class=\"swiper-slide\" role=\"group\" aria-roledescription=\"slide\" aria-label=\"6 von 6\"><figure class=\"swiper-slide-inner\"><img decoding=\"async\" class=\"swiper-slide-image\" src=\"https:\/\/dzemat.de\/wp-content\/uploads\/2023\/10\/21273299_1366594100056158_8717593216864999599_o.jpg\" alt=\"dzemat\" \/><\/figure><\/div>\t\t\t<\/div>\n\t\t\t\t\t\t\t\t\t\t\t\t<div class=\"elementor-swiper-button elementor-swiper-button-prev\" role=\"button\" tabindex=\"0\">\n\t\t\t\t\t\t<i aria-hidden=\"true\" class=\"eicon-chevron-left\"><\/i>\t\t\t\t\t<\/div>\n\t\t\t\t\t<div class=\"elementor-swiper-button elementor-swiper-button-next\" role=\"button\" tabindex=\"0\">\n\t\t\t\t\t\t<i aria-hidden=\"true\" class=\"eicon-chevron-right\"><\/i>\t\t\t\t\t<\/div>\n\t\t\t\t\n\t\t\t\t\t\t\t\t\t<div class=\"swiper-pagination\"><\/div>\n\t\t\t\t\t\t\t\t\t<\/div>\n\t\t\t\t\t\t<\/div>\n\t\t\t\t<\/div>\n\t\t\t\t<div class=\"elementor-element elementor-element-365bc6c elementor-widget elementor-widget-text-editor\" data-id=\"365bc6c\" data-element_type=\"widget\" data-widget_type=\"text-editor.default\">\n\t\t\t\t<div class=\"elementor-widget-container\">\n\t\t\t\t\t\t\t\t\t<p><b>Mit einer starken Verbindung zu unseren Wurzeln und unserer Geschichte strebt unsere Gemeinde in K\u00f6ln seit ihren Anf\u00e4ngen danach, Br\u00fccken zwischen verschiedenen Religionen und Kulturen zu bauen. <\/b>Seit unserer Gr\u00fcndung haben wir immer Wert auf den interreligi\u00f6sen Dialog und die F\u00f6rderung des gegenseitigen Verst\u00e4ndnisses gelegt.<\/p><p>For all those who wish to become part of our community and contribute to its growth and development, we invite you to click on the 'Join the Community' button to learn more and join our mosque.<\/p>\t\t\t\t\t\t\t\t<\/div>\n\t\t\t\t<\/div>\n\t\t\t\t<div class=\"elementor-element elementor-element-f507a60 elementor-align-center elementor-widget elementor-widget-button\" data-id=\"f507a60\" data-element_type=\"widget\" data-widget_type=\"button.default\">\n\t\t\t\t<div class=\"elementor-widget-container\">\n\t\t\t\t\t\t\t\t\t<div class=\"elementor-button-wrapper\">\n\t\t\t\t\t<a class=\"elementor-button elementor-button-link elementor-size-sm elementor-animation-grow\" href=\"https:\/\/dzemat.de\/de\/postani-clan\/\" target=\"_blank\">\n\t\t\t\t\t\t<span class=\"elementor-button-content-wrapper\">\n\t\t\t\t\t\t\t\t\t<span class=\"elementor-button-text\">Mitglied der Gemeinde werden<\/span>\n\t\t\t\t\t<\/span>\n\t\t\t\t\t<\/a>\n\t\t\t\t<\/div>\n\t\t\t\t\t\t\t\t<\/div>\n\t\t\t\t<\/div>\n\t\t\t\t<div class=\"elementor-element elementor-element-0626469 elementor-widget-divider--view-line elementor-widget elementor-widget-divider\" data-id=\"0626469\" data-element_type=\"widget\" data-widget_type=\"divider.default\">\n\t\t\t\t<div class=\"elementor-widget-container\">\n\t\t\t\t\t\t\t<div class=\"elementor-divider\">\n\t\t\t<span class=\"elementor-divider-separator\">\n\t\t\t\t\t\t<\/span>\n\t\t<\/div>\n\t\t\t\t\t\t<\/div>\n\t\t\t\t<\/div>\n\t\t\t\t\t<\/div>\n\t\t\t\t<\/div>\n\t\t\t\t<\/div>","protected":false},"excerpt":{"rendered":"<p>O d\u017eematu O d\u017eematu Historija formiranja i razvoja BKC &#8220;Gazi Husrevbeg&#8221; u Kelnu Godine 1978. bosanski muslimani iz Kelna i Aachena prvi put su osnovali muslimansku zajednicu. Lokacija je bila Bilal d\u017eamija u Aachenu, koja je u odre\u0111eno vrijeme bila dostupna tada\u0161njim \u201cjugoslovenskim gastarbajterima\u201d. Sve vi\u0161e \u010dlanova iz Kelna se pridru\u017eilo zajednici. Potreba za na\u0161im&#8230;<\/p>","protected":false},"author":1,"featured_media":0,"parent":0,"menu_order":0,"comment_status":"closed","ping_status":"closed","template":"","meta":{"_kad_post_transparent":"","_kad_post_title":"hide","_kad_post_layout":"fullwidth","_kad_post_sidebar_id":"","_kad_post_content_style":"unboxed","_kad_post_vertical_padding":"hide","_kad_post_feature":"hide","_kad_post_feature_position":"","_kad_post_header":false,"_kad_post_footer":false,"footnotes":""},"class_list":["post-1493","page","type-page","status-publish","hentry"],"_links":{"self":[{"href":"https:\/\/dzemat.de\/de\/wp-json\/wp\/v2\/pages\/1493","targetHints":{"allow":["GET"]}}],"collection":[{"href":"https:\/\/dzemat.de\/de\/wp-json\/wp\/v2\/pages"}],"about":[{"href":"https:\/\/dzemat.de\/de\/wp-json\/wp\/v2\/types\/page"}],"author":[{"embeddable":true,"href":"https:\/\/dzemat.de\/de\/wp-json\/wp\/v2\/users\/1"}],"replies":[{"embeddable":true,"href":"https:\/\/dzemat.de\/de\/wp-json\/wp\/v2\/comments?post=1493"}],"version-history":[{"count":85,"href":"https:\/\/dzemat.de\/de\/wp-json\/wp\/v2\/pages\/1493\/revisions"}],"predecessor-version":[{"id":2729,"href":"https:\/\/dzemat.de\/de\/wp-json\/wp\/v2\/pages\/1493\/revisions\/2729"}],"wp:attachment":[{"href":"https:\/\/dzemat.de\/de\/wp-json\/wp\/v2\/media?parent=1493"}],"curies":[{"name":"wp","href":"https:\/\/api.w.org\/{rel}","templated":true}]}}