{"id":1086,"date":"2024-02-11T16:14:09","date_gmt":"2024-02-11T16:14:09","guid":{"rendered":"http:\/\/localhost\/dzemat-koeln\/?page_id=1086"},"modified":"2024-06-13T20:54:15","modified_gmt":"2024-06-13T20:54:15","slug":"postani-clan","status":"publish","type":"page","link":"https:\/\/dzemat.de\/de\/postani-clan\/","title":{"rendered":"Mitglied werden"},"content":{"rendered":"<div data-elementor-type=\"wp-page\" data-elementor-id=\"1086\" class=\"elementor elementor-1086\">\n\t\t\t\t<div class=\"elementor-element elementor-element-f50187a elementor-hidden-tablet elementor-hidden-mobile e-flex e-con-boxed e-con e-parent\" data-id=\"f50187a\" data-element_type=\"container\" data-settings=\"{&quot;background_background&quot;:&quot;gradient&quot;}\">\n\t\t\t\t\t<div class=\"e-con-inner\">\n\t\t<div class=\"elementor-element elementor-element-98ced31 e-con-full e-flex e-con e-child\" data-id=\"98ced31\" data-element_type=\"container\">\n\t\t\t\t<div class=\"elementor-element elementor-element-c5ce315 elementor-widget elementor-widget-heading\" data-id=\"c5ce315\" data-element_type=\"widget\" data-widget_type=\"heading.default\">\n\t\t\t\t<div class=\"elementor-widget-container\">\n\t\t\t\t\t<h2 class=\"elementor-heading-title elementor-size-default\">Mitglied der Gemeinde werden<\/h2>\t\t\t\t<\/div>\n\t\t\t\t<\/div>\n\t\t\t\t<\/div>\n\t\t<div class=\"elementor-element elementor-element-def75d0 e-con-full e-flex e-con e-child\" data-id=\"def75d0\" data-element_type=\"container\">\n\t\t\t\t<div class=\"elementor-element elementor-element-c6ec77b elementor-widget elementor-widget-image\" data-id=\"c6ec77b\" data-element_type=\"widget\" data-widget_type=\"image.default\">\n\t\t\t\t<div class=\"elementor-widget-container\">\n\t\t\t\t\t\t\t\t\t\t\t\t\t\t\t<img fetchpriority=\"high\" decoding=\"async\" width=\"300\" height=\"300\" src=\"https:\/\/dzemat.de\/wp-content\/uploads\/2024\/02\/Untitled-design-2024-02-18T160203.113.png\" class=\"attachment-medium size-medium wp-image-1176\" alt=\"\" \/>\t\t\t\t\t\t\t\t\t\t\t\t\t\t\t<\/div>\n\t\t\t\t<\/div>\n\t\t\t\t<\/div>\n\t\t\t\t\t<\/div>\n\t\t\t\t<\/div>\n\t\t<div class=\"elementor-element elementor-element-e1507e5 elementor-hidden-desktop elementor-hidden-laptop e-flex e-con-boxed e-con e-parent\" data-id=\"e1507e5\" data-element_type=\"container\" data-settings=\"{&quot;background_background&quot;:&quot;classic&quot;}\">\n\t\t\t\t\t<div class=\"e-con-inner\">\n\t\t<div class=\"elementor-element elementor-element-14a1abe e-con-full e-flex e-con e-child\" data-id=\"14a1abe\" data-element_type=\"container\">\n\t\t\t\t<div class=\"elementor-element elementor-element-2f628fb elementor-widget-mobile__width-inherit elementor-widget elementor-widget-heading\" data-id=\"2f628fb\" data-element_type=\"widget\" data-widget_type=\"heading.default\">\n\t\t\t\t<div class=\"elementor-widget-container\">\n\t\t\t\t\t<h2 class=\"elementor-heading-title elementor-size-default\">Mitglied der Gemeinde werden<\/h2>\t\t\t\t<\/div>\n\t\t\t\t<\/div>\n\t\t\t\t<\/div>\n\t\t\t\t\t<\/div>\n\t\t\t\t<\/div>\n\t\t<div class=\"elementor-element elementor-element-27f8327 elementor-hidden-tablet elementor-hidden-mobile e-flex e-con-boxed e-con e-parent\" data-id=\"27f8327\" data-element_type=\"container\">\n\t\t\t\t\t<div class=\"e-con-inner\">\n\t\t\t\t<div class=\"elementor-element elementor-element-38d649c elementor-widget elementor-widget-heading\" data-id=\"38d649c\" data-element_type=\"widget\" data-widget_type=\"heading.default\">\n\t\t\t\t<div class=\"elementor-widget-container\">\n\t\t\t\t\t<h2 class=\"elementor-heading-title elementor-size-default\">Za\u0161to ba\u0161 \u010dlan u na\u0161em d\u017eematu?\n\n<\/h2>\t\t\t\t<\/div>\n\t\t\t\t<\/div>\n\t\t\t\t\t<\/div>\n\t\t\t\t<\/div>\n\t\t<div class=\"elementor-element elementor-element-fd42acb elementor-hidden-desktop elementor-hidden-laptop e-flex e-con-boxed e-con e-parent\" data-id=\"fd42acb\" data-element_type=\"container\">\n\t\t\t\t\t<div class=\"e-con-inner\">\n\t\t\t\t<div class=\"elementor-element elementor-element-3635358 elementor-widget elementor-widget-heading\" data-id=\"3635358\" data-element_type=\"widget\" data-widget_type=\"heading.default\">\n\t\t\t\t<div class=\"elementor-widget-container\">\n\t\t\t\t\t<h2 class=\"elementor-heading-title elementor-size-default\">Za\u0161to ba\u0161 \u010dlan u na\u0161em d\u017eematu?\n<\/h2>\t\t\t\t<\/div>\n\t\t\t\t<\/div>\n\t\t\t\t\t<\/div>\n\t\t\t\t<\/div>\n\t\t<div class=\"elementor-element elementor-element-59bfb96 elementor-hidden-tablet elementor-hidden-mobile e-flex e-con-boxed e-con e-parent\" data-id=\"59bfb96\" data-element_type=\"container\">\n\t\t\t\t\t<div class=\"e-con-inner\">\n\t\t\t\t<div class=\"elementor-element elementor-element-403cda5 elementor-widget elementor-widget-text-editor\" data-id=\"403cda5\" data-element_type=\"widget\" data-widget_type=\"text-editor.default\">\n\t\t\t\t<div class=\"elementor-widget-container\">\n\t\t\t\t\t\t\t\t\t<b>\u010clanstvo u na\u0161oj zajednici mo\u017ee vas obogatiti na mnogim razinama i pomo\u0107i u pobolj\u0161anju li\u010dnog i dru\u0161tvenog \u017eivota.<\/b>\t\t\t\t\t\t\t\t<\/div>\n\t\t\t\t<\/div>\n\t\t\t\t\t<\/div>\n\t\t\t\t<\/div>\n\t\t<div class=\"elementor-element elementor-element-0b9b2fe elementor-hidden-desktop elementor-hidden-laptop e-flex e-con-boxed e-con e-parent\" data-id=\"0b9b2fe\" data-element_type=\"container\">\n\t\t\t\t\t<div class=\"e-con-inner\">\n\t\t\t\t<div class=\"elementor-element elementor-element-a9b8cb1 elementor-widget elementor-widget-text-editor\" data-id=\"a9b8cb1\" data-element_type=\"widget\" data-widget_type=\"text-editor.default\">\n\t\t\t\t<div class=\"elementor-widget-container\">\n\t\t\t\t\t\t\t\t\t<b>\u010clanstvo u na\u0161oj zajednici mo\u017ee vas obogatiti na mnogim razinama i pomo\u0107i u pobolj\u0161anju li\u010dnog i dru\u0161tvenog \u017eivota.<\/b>\t\t\t\t\t\t\t\t<\/div>\n\t\t\t\t<\/div>\n\t\t\t\t\t<\/div>\n\t\t\t\t<\/div>\n\t\t<div class=\"elementor-element elementor-element-27cb1a1 e-flex e-con-boxed e-con e-parent\" data-id=\"27cb1a1\" data-element_type=\"container\">\n\t\t\t\t\t<div class=\"e-con-inner\">\n\t\t<div class=\"elementor-element elementor-element-49a3106 e-con-full e-flex e-con e-child\" data-id=\"49a3106\" data-element_type=\"container\">\n\t\t\t\t<div class=\"elementor-element elementor-element-b6bcce5 elementor-widget elementor-widget-text-editor\" data-id=\"b6bcce5\" data-element_type=\"widget\" data-widget_type=\"text-editor.default\">\n\t\t\t\t<div class=\"elementor-widget-container\">\n\t\t\t\t\t\t\t\t\t<p>\u010clanstvo u na\u0161oj zajednici nudi brojne prednosti, koje mogu biti pojedina\u010dne a i zajedni\u010dke kao na primjer:<\/p><p>\u2705 Pristup vjeronauci i predavanjima koja produbljuju va\u0161e znanje o islamu.<\/p><p>\u2705Izgradnja i odr\u017eavanje dru\u0161tvenih odnosa unutar muslimanske zajednice, kao i njega i odr\u017eavanje bosansko-hercegova\u010dko kulture i tradicije.<\/p><p>\u2705Podr\u0161ka na dru\u0161tvenim doga\u0111anjima kao \u0161to su vjen\u010danja, ro\u0111enja i d\u017eenaze.<\/p><p>\u2705Prilika za upoznavanje zemljaka i istomi\u0161ljenika te izbjegavanje dru\u0161tvene izolacije.<\/p><p>\u2705Ponude za djecu i mlade, poput mektebske nastave, nastave na maternjem jeziku kao i aktivnosti u slobodno vrijeme.<\/p><p>\u2705Podrska mladih u razvoju sna\u017enog identiteta.<\/p><p>\u2705Zastupanje muslimanske zajednice u javnosti i politi\u010dkim tijelima, kao i podizanje javne svijesti o izazovima sa kojima se susre\u0107u muslimani i promovisanje me\u0111usobnog razumijevanja.<\/p>\t\t\t\t\t\t\t\t<\/div>\n\t\t\t\t<\/div>\n\t\t\t\t<\/div>\n\t\t<div class=\"elementor-element elementor-element-74a1f4f e-con-full elementor-hidden-tablet elementor-hidden-mobile e-flex e-con e-child\" data-id=\"74a1f4f\" data-element_type=\"container\">\n\t\t\t\t<div class=\"elementor-element elementor-element-ff0a9e5 elementor-widget elementor-widget-image\" data-id=\"ff0a9e5\" data-element_type=\"widget\" data-widget_type=\"image.default\">\n\t\t\t\t<div class=\"elementor-widget-container\">\n\t\t\t\t\t\t\t\t\t\t\t\t\t\t\t<img decoding=\"async\" width=\"1024\" height=\"1024\" src=\"https:\/\/dzemat.de\/wp-content\/uploads\/2024\/06\/WhatsApp-Image-2024-06-09-at-08.13.57_c46a8944.jpg\" class=\"attachment-large size-large wp-image-3040\" alt=\"\" srcset=\"https:\/\/dzemat.de\/wp-content\/uploads\/2024\/06\/WhatsApp-Image-2024-06-09-at-08.13.57_c46a8944.jpg 1024w, https:\/\/dzemat.de\/wp-content\/uploads\/2024\/06\/WhatsApp-Image-2024-06-09-at-08.13.57_c46a8944-300x300.jpg 300w, https:\/\/dzemat.de\/wp-content\/uploads\/2024\/06\/WhatsApp-Image-2024-06-09-at-08.13.57_c46a8944-150x150.jpg 150w, https:\/\/dzemat.de\/wp-content\/uploads\/2024\/06\/WhatsApp-Image-2024-06-09-at-08.13.57_c46a8944-768x768.jpg 768w, https:\/\/dzemat.de\/wp-content\/uploads\/2024\/06\/WhatsApp-Image-2024-06-09-at-08.13.57_c46a8944-12x12.jpg 12w\" sizes=\"(max-width: 1024px) 100vw, 1024px\" \/>\t\t\t\t\t\t\t\t\t\t\t\t\t\t\t<\/div>\n\t\t\t\t<\/div>\n\t\t\t\t<\/div>\n\t\t\t\t\t<\/div>\n\t\t\t\t<\/div>\n\t\t<div class=\"elementor-element elementor-element-e616a5f elementor-hidden-desktop elementor-hidden-laptop e-flex e-con-boxed e-con e-parent\" data-id=\"e616a5f\" data-element_type=\"container\">\n\t\t\t\t\t<div class=\"e-con-inner\">\n\t\t\t\t<div class=\"elementor-element elementor-element-95471bd elementor-widget elementor-widget-image\" data-id=\"95471bd\" data-element_type=\"widget\" data-widget_type=\"image.default\">\n\t\t\t\t<div class=\"elementor-widget-container\">\n\t\t\t\t\t\t\t\t\t\t\t\t\t\t\t<img decoding=\"async\" width=\"1024\" height=\"1024\" src=\"https:\/\/dzemat.de\/wp-content\/uploads\/2024\/06\/WhatsApp-Image-2024-06-09-at-08.13.57_c46a8944.jpg\" class=\"attachment-large size-large wp-image-3040\" alt=\"\" srcset=\"https:\/\/dzemat.de\/wp-content\/uploads\/2024\/06\/WhatsApp-Image-2024-06-09-at-08.13.57_c46a8944.jpg 1024w, https:\/\/dzemat.de\/wp-content\/uploads\/2024\/06\/WhatsApp-Image-2024-06-09-at-08.13.57_c46a8944-300x300.jpg 300w, https:\/\/dzemat.de\/wp-content\/uploads\/2024\/06\/WhatsApp-Image-2024-06-09-at-08.13.57_c46a8944-150x150.jpg 150w, https:\/\/dzemat.de\/wp-content\/uploads\/2024\/06\/WhatsApp-Image-2024-06-09-at-08.13.57_c46a8944-768x768.jpg 768w, https:\/\/dzemat.de\/wp-content\/uploads\/2024\/06\/WhatsApp-Image-2024-06-09-at-08.13.57_c46a8944-12x12.jpg 12w\" sizes=\"(max-width: 1024px) 100vw, 1024px\" \/>\t\t\t\t\t\t\t\t\t\t\t\t\t\t\t<\/div>\n\t\t\t\t<\/div>\n\t\t\t\t\t<\/div>\n\t\t\t\t<\/div>\n\t\t<div class=\"elementor-element elementor-element-e397de0 elementor-hidden-tablet elementor-hidden-mobile e-flex e-con-boxed e-con e-parent\" data-id=\"e397de0\" data-element_type=\"container\">\n\t\t\t\t\t<div class=\"e-con-inner\">\n\t\t\t\t<div class=\"elementor-element elementor-element-760a359 elementor-widget elementor-widget-text-editor\" data-id=\"760a359\" data-element_type=\"widget\" data-widget_type=\"text-editor.default\">\n\t\t\t\t<div class=\"elementor-widget-container\">\n\t\t\t\t\t\t\t\t\t<p><b>Budite i vi od onih, koji \u0107e doprinijeti da ova zajednica ja\u010da na\u00a0svim\u00a0poljima.<\/b><\/p>\t\t\t\t\t\t\t\t<\/div>\n\t\t\t\t<\/div>\n\t\t\t\t\t<\/div>\n\t\t\t\t<\/div>\n\t\t<div class=\"elementor-element elementor-element-6832917 elementor-hidden-desktop elementor-hidden-laptop e-flex e-con-boxed e-con e-parent\" data-id=\"6832917\" data-element_type=\"container\">\n\t\t\t\t\t<div class=\"e-con-inner\">\n\t\t\t\t<div class=\"elementor-element elementor-element-4aaa01e elementor-widget elementor-widget-text-editor\" data-id=\"4aaa01e\" data-element_type=\"widget\" data-widget_type=\"text-editor.default\">\n\t\t\t\t<div class=\"elementor-widget-container\">\n\t\t\t\t\t\t\t\t\t<p><b>Budite i vi od onih, koji \u0107e doprinijeti da ova zajednica ja\u010da na\u00a0svim\u00a0poljima.<\/b><\/p>\t\t\t\t\t\t\t\t<\/div>\n\t\t\t\t<\/div>\n\t\t\t\t\t<\/div>\n\t\t\t\t<\/div>\n\t\t<div class=\"elementor-element elementor-element-03f8878 e-flex e-con-boxed e-con e-parent\" data-id=\"03f8878\" data-element_type=\"container\">\n\t\t\t\t\t<div class=\"e-con-inner\">\n\t\t\t\t<div class=\"elementor-element elementor-element-30c5c68 elementor-widget elementor-widget-text-editor\" data-id=\"30c5c68\" data-element_type=\"widget\" data-widget_type=\"text-editor.default\">\n\t\t\t\t<div class=\"elementor-widget-container\">\n\t\t\t\t\t\t\t\t\t<p><strong>Mitgliedschaftsprozess:<\/strong><\/p><p><strong>1. Popunjavanje obrasca:<\/strong> Klicken Sie auf die Taste \u201eMitglied der Gemeinde werden\u201c, um zum Beitrittsformular zu gelangen.\u00a0<\/p><p><strong>2. Pregled zahtjeva:<\/strong> Nachdem Sie Ihren Mitgliedsantrag eingereicht haben, wird dieser von unserem Team gepr\u00fcft und verifiziert.\u00a0<\/p><p><strong>3. Potvrda \u010dlanstva:<\/strong> Nachdem Ihr Antrag genehmigt wurde, erhalten Sie eine Best\u00e4tigung der Mitgliedschaft per E-Mail.\u00a0<\/p>\t\t\t\t\t\t\t\t<\/div>\n\t\t\t\t<\/div>\n\t\t\t\t\t<\/div>\n\t\t\t\t<\/div>\n\t\t<div class=\"elementor-element elementor-element-daa4907 e-flex e-con-boxed e-con e-parent\" data-id=\"daa4907\" data-element_type=\"container\">\n\t\t\t\t\t<div class=\"e-con-inner\">\n\t\t\t\t<div class=\"elementor-element elementor-element-3de563c elementor-align-center elementor-widget elementor-widget-button\" data-id=\"3de563c\" data-element_type=\"widget\" data-widget_type=\"button.default\">\n\t\t\t\t<div class=\"elementor-widget-container\">\n\t\t\t\t\t\t\t\t\t<div class=\"elementor-button-wrapper\">\n\t\t\t\t\t<a class=\"elementor-button elementor-button-link elementor-size-sm elementor-animation-grow\" href=\"https:\/\/administracija.dzemat.de\/register-member\/\" target=\"_blank\">\n\t\t\t\t\t\t<span class=\"elementor-button-content-wrapper\">\n\t\t\t\t\t\t\t\t\t<span class=\"elementor-button-text\">Mitglied der Gemeinde werden<\/span>\n\t\t\t\t\t<\/span>\n\t\t\t\t\t<\/a>\n\t\t\t\t<\/div>\n\t\t\t\t\t\t\t\t<\/div>\n\t\t\t\t<\/div>\n\t\t\t\t\t<\/div>\n\t\t\t\t<\/div>\n\t\t<div class=\"elementor-element elementor-element-2f829de elementor-hidden-tablet elementor-hidden-mobile e-flex e-con-boxed e-con e-parent\" data-id=\"2f829de\" data-element_type=\"container\" data-settings=\"{&quot;background_background&quot;:&quot;classic&quot;,&quot;shape_divider_top&quot;:&quot;tilt&quot;}\">\n\t\t\t\t\t<div class=\"e-con-inner\">\n\t\t\t\t<div class=\"elementor-shape elementor-shape-top\" data-negative=\"false\">\n\t\t\t<svg xmlns=\"http:\/\/www.w3.org\/2000\/svg\" viewbox=\"0 0 1000 100\" preserveaspectratio=\"none\">\n\t<path class=\"elementor-shape-fill\" d=\"M0,6V0h1000v100L0,6z\"\/>\n<\/svg>\t\t<\/div>\n\t\t<div class=\"elementor-element elementor-element-7fdaf60 e-con-full e-flex e-con e-child\" data-id=\"7fdaf60\" data-element_type=\"container\">\n\t\t\t\t<div class=\"elementor-element elementor-element-0bbe7a1 elementor-widget elementor-widget-text-editor\" data-id=\"0bbe7a1\" data-element_type=\"widget\" data-widget_type=\"text-editor.default\">\n\t\t\t\t<div class=\"elementor-widget-container\">\n\t\t\t\t\t\t\t\t\t<p>F\u00fcr weitere Informationen oder Fragen zur Mitgliedschaft kontaktieren Sie uns bitte unter:<\/p><ul><li>Email: <a href=\"mailto:info@dzemat.de\">info@dzemat.de<\/a><\/li><li>Telefon: <a href=\"https:\/\/www.google.com\/search?q=dzemat+koeln&amp;rlz=1C1ONGR_enDE948DE948&amp;oq=dzemat+koeln&amp;gs_lcrp=EgZjaHJvbWUyBggAEEUYOTIGCAEQRRg8MgYIAhBFGDwyBggDEEUYPNIBCDIwMzJqMGoxqAIAsAIA&amp;sourceid=chrome&amp;ie=UTF-8#\" data-dtype=\"d3ph\" data-local-attribute=\"d3ph\" data-ved=\"2ahUKEwj2qNCQ7NCEAxWT0QIHHeLEAiwQkAgoAHoECDEQAg\"><span aria-label=\"Call phone number 0221 5461807\">0221 5461807<\/span><\/a><\/li><li>Adresse: <a tabindex=\"0\" href=\"https:\/\/www.google.com\/maps\/place\/\/data=!4m2!3m1!1s0x47bf253972979401:0x71fe4f0cdd248d1f?sa=X&amp;ved=2ahUKEwj2qNCQ7NCEAxWT0QIHHeLEAiwQ4kB6BAgREAA\" data-url=\"\/maps\/place\/\/data=!4m2!3m1!1s0x47bf253972979401:0x71fe4f0cdd248d1f?sa=X&amp;ved=2ahUKEwj2qNCQ7NCEAxWT0QIHHeLEAiwQ4kB6BAgREAA\">Vogelsanger Str. 210, 50825 K\u00f6ln<\/a><\/li><\/ul><p>Wir sind hier, um Ihnen alle Informationen zur Verf\u00fcgung zu stellen, die Sie ben\u00f6tigen.<\/p>\t\t\t\t\t\t\t\t<\/div>\n\t\t\t\t<\/div>\n\t\t\t\t<\/div>\n\t\t<div class=\"elementor-element elementor-element-413b09d e-con-full e-flex e-con e-child\" data-id=\"413b09d\" data-element_type=\"container\">\n\t\t\t\t<div class=\"elementor-element elementor-element-7dd0f77 elementor-widget elementor-widget-google_maps\" data-id=\"7dd0f77\" data-element_type=\"widget\" data-widget_type=\"google_maps.default\">\n\t\t\t\t<div class=\"elementor-widget-container\">\n\t\t\t\t\t\t\t<div class=\"elementor-custom-embed\">\n\t\t\t<iframe loading=\"lazy\"\n\t\t\t\t\tsrc=\"https:\/\/maps.google.com\/maps?q=Vogelsanger%20Str.%20210%2C%2050825%20K%C3%B6ln&#038;t=m&#038;z=15&#038;output=embed&#038;iwloc=near\"\n\t\t\t\t\ttitle=\"Vogelsanger Str. 210, 50825 K\u00f6ln\"\n\t\t\t\t\taria-label=\"Vogelsanger Str. 210, 50825 K\u00f6ln\"\n\t\t\t><\/iframe>\n\t\t<\/div>\n\t\t\t\t\t\t<\/div>\n\t\t\t\t<\/div>\n\t\t\t\t<\/div>\n\t\t\t\t\t<\/div>\n\t\t\t\t<\/div>\n\t\t<div class=\"elementor-element elementor-element-596bdab elementor-hidden-desktop elementor-hidden-laptop e-flex e-con-boxed e-con e-parent\" data-id=\"596bdab\" data-element_type=\"container\" data-settings=\"{&quot;background_background&quot;:&quot;classic&quot;,&quot;shape_divider_top&quot;:&quot;tilt&quot;}\">\n\t\t\t\t\t<div class=\"e-con-inner\">\n\t\t\t\t<div class=\"elementor-shape elementor-shape-top\" data-negative=\"false\">\n\t\t\t<svg xmlns=\"http:\/\/www.w3.org\/2000\/svg\" viewbox=\"0 0 1000 100\" preserveaspectratio=\"none\">\n\t<path class=\"elementor-shape-fill\" d=\"M0,6V0h1000v100L0,6z\"\/>\n<\/svg>\t\t<\/div>\n\t\t<div class=\"elementor-element elementor-element-4266f47 e-con-full e-flex e-con e-child\" data-id=\"4266f47\" data-element_type=\"container\">\n\t\t\t\t<div class=\"elementor-element elementor-element-cad1eba elementor-widget elementor-widget-text-editor\" data-id=\"cad1eba\" data-element_type=\"widget\" data-widget_type=\"text-editor.default\">\n\t\t\t\t<div class=\"elementor-widget-container\">\n\t\t\t\t\t\t\t\t\t<p>F\u00fcr weitere Informationen oder Fragen zur Mitgliedschaft kontaktieren Sie uns bitte unter:<\/p><ul><li>Email: <a href=\"mailto:info@dzemat.de\">info@dzemat.de<\/a><\/li><li>Telefon: <a href=\"https:\/\/www.google.com\/search?q=dzemat+koeln&amp;rlz=1C1ONGR_enDE948DE948&amp;oq=dzemat+koeln&amp;gs_lcrp=EgZjaHJvbWUyBggAEEUYOTIGCAEQRRg8MgYIAhBFGDwyBggDEEUYPNIBCDIwMzJqMGoxqAIAsAIA&amp;sourceid=chrome&amp;ie=UTF-8#\" data-dtype=\"d3ph\" data-local-attribute=\"d3ph\" data-ved=\"2ahUKEwj2qNCQ7NCEAxWT0QIHHeLEAiwQkAgoAHoECDEQAg\"><span aria-label=\"Call phone number 0221 5461807\">0221 5461807<\/span><\/a><\/li><li>Adresse: <a tabindex=\"0\" href=\"https:\/\/www.google.com\/maps\/place\/\/data=!4m2!3m1!1s0x47bf253972979401:0x71fe4f0cdd248d1f?sa=X&amp;ved=2ahUKEwj2qNCQ7NCEAxWT0QIHHeLEAiwQ4kB6BAgREAA\" data-url=\"\/maps\/place\/\/data=!4m2!3m1!1s0x47bf253972979401:0x71fe4f0cdd248d1f?sa=X&amp;ved=2ahUKEwj2qNCQ7NCEAxWT0QIHHeLEAiwQ4kB6BAgREAA\">Vogelsanger Str. 210<\/a> <a tabindex=\"0\" href=\"https:\/\/www.google.com\/maps\/place\/\/data=!4m2!3m1!1s0x47bf253972979401:0x71fe4f0cdd248d1f?sa=X&amp;ved=2ahUKEwj2qNCQ7NCEAxWT0QIHHeLEAiwQ4kB6BAgREAA\" data-url=\"\/maps\/place\/\/data=!4m2!3m1!1s0x47bf253972979401:0x71fe4f0cdd248d1f?sa=X&amp;ved=2ahUKEwj2qNCQ7NCEAxWT0QIHHeLEAiwQ4kB6BAgREAA\">50825 K\u00f6ln<\/a><\/li><\/ul><p>Wir sind hier, um Ihnen alle Informationen zur Verf\u00fcgung zu stellen, die Sie ben\u00f6tigen.<\/p>\t\t\t\t\t\t\t\t<\/div>\n\t\t\t\t<\/div>\n\t\t\t\t<\/div>\n\t\t<div class=\"elementor-element elementor-element-c58f309 e-con-full e-flex e-con e-child\" data-id=\"c58f309\" data-element_type=\"container\">\n\t\t\t\t<div class=\"elementor-element elementor-element-4400309 elementor-widget elementor-widget-google_maps\" data-id=\"4400309\" data-element_type=\"widget\" data-widget_type=\"google_maps.default\">\n\t\t\t\t<div class=\"elementor-widget-container\">\n\t\t\t\t\t\t\t<div class=\"elementor-custom-embed\">\n\t\t\t<iframe loading=\"lazy\"\n\t\t\t\t\tsrc=\"https:\/\/maps.google.com\/maps?q=Vogelsanger%20Str.%20210%2C%2050825%20K%C3%B6ln&#038;t=m&#038;z=15&#038;output=embed&#038;iwloc=near\"\n\t\t\t\t\ttitle=\"Vogelsanger Str. 210, 50825 K\u00f6ln\"\n\t\t\t\t\taria-label=\"Vogelsanger Str. 210, 50825 K\u00f6ln\"\n\t\t\t><\/iframe>\n\t\t<\/div>\n\t\t\t\t\t\t<\/div>\n\t\t\t\t<\/div>\n\t\t\t\t<\/div>\n\t\t\t\t\t<\/div>\n\t\t\t\t<\/div>\n\t\t\t\t<\/div>","protected":false},"excerpt":{"rendered":"<p>Postani \u010dlan d\u017eemata Postani \u010dlan d\u017eemata Za\u0161to ba\u0161 \u010dlan u na\u0161em d\u017eematu? Za\u0161to ba\u0161 \u010dlan u na\u0161em d\u017eematu? \u010clanstvo u na\u0161oj zajednici mo\u017ee vas obogatiti na mnogim razinama i pomo\u0107i u pobolj\u0161anju li\u010dnog i dru\u0161tvenog \u017eivota.\u010clanstvo u na\u0161oj zajednici mo\u017ee vas obogatiti na mnogim razinama i pomo\u0107i u pobolj\u0161anju li\u010dnog i dru\u0161tvenog \u017eivota. \u010clanstvo u&#8230;<\/p>","protected":false},"author":1,"featured_media":0,"parent":0,"menu_order":0,"comment_status":"closed","ping_status":"closed","template":"","meta":{"_kad_post_transparent":"","_kad_post_title":"hide","_kad_post_layout":"fullwidth","_kad_post_sidebar_id":"","_kad_post_content_style":"unboxed","_kad_post_vertical_padding":"hide","_kad_post_feature":"hide","_kad_post_feature_position":"","_kad_post_header":false,"_kad_post_footer":false,"footnotes":""},"class_list":["post-1086","page","type-page","status-publish","hentry"],"_links":{"self":[{"href":"https:\/\/dzemat.de\/de\/wp-json\/wp\/v2\/pages\/1086","targetHints":{"allow":["GET"]}}],"collection":[{"href":"https:\/\/dzemat.de\/de\/wp-json\/wp\/v2\/pages"}],"about":[{"href":"https:\/\/dzemat.de\/de\/wp-json\/wp\/v2\/types\/page"}],"author":[{"embeddable":true,"href":"https:\/\/dzemat.de\/de\/wp-json\/wp\/v2\/users\/1"}],"replies":[{"embeddable":true,"href":"https:\/\/dzemat.de\/de\/wp-json\/wp\/v2\/comments?post=1086"}],"version-history":[{"count":186,"href":"https:\/\/dzemat.de\/de\/wp-json\/wp\/v2\/pages\/1086\/revisions"}],"predecessor-version":[{"id":3059,"href":"https:\/\/dzemat.de\/de\/wp-json\/wp\/v2\/pages\/1086\/revisions\/3059"}],"wp:attachment":[{"href":"https:\/\/dzemat.de\/de\/wp-json\/wp\/v2\/media?parent=1086"}],"curies":[{"name":"wp","href":"https:\/\/api.w.org\/{rel}","templated":true}]}}